{"id":2322,"date":"2025-09-15T19:40:14","date_gmt":"2025-09-15T19:40:14","guid":{"rendered":"https:\/\/edmond-fils.com\/our-references\/"},"modified":"2026-01-22T13:48:01","modified_gmt":"2026-01-22T13:48:01","slug":"our-references","status":"publish","type":"page","link":"https:\/\/www.edmond-fils.com\/en\/our-references\/","title":{"rendered":"Our References"},"content":{"rendered":"\t\t<div data-elementor-type=\"wp-page\" data-elementor-id=\"2322\" class=\"elementor elementor-2322 elementor-138\" data-elementor-post-type=\"page\">\n\t\t\t\t<div class=\"elementor-element elementor-element-f466de6 e-flex e-con-boxed e-con e-parent\" data-id=\"f466de6\" data-element_type=\"container\" data-e-type=\"container\">\n\t\t\t\t\t<div class=\"e-con-inner\">\n\t\t\t\t<div class=\"elementor-element elementor-element-6c28ee8 elementor-widget elementor-widget-heading\" data-id=\"6c28ee8\" data-element_type=\"widget\" data-e-type=\"widget\" data-widget_type=\"heading.default\">\n\t\t\t\t\t<h1 class=\"elementor-heading-title elementor-size-default\">Urban furniture for exceptional parks and gardens<\/h1>\t\t\t\t<\/div>\n\t\t\t\t<div class=\"elementor-element elementor-element-5a4eb78 elementor-widget elementor-widget-text-editor\" data-id=\"5a4eb78\" data-element_type=\"widget\" data-e-type=\"widget\" data-widget_type=\"text-editor.default\">\n\t\t\t\t\t\t\t\t\tTuileries Garden (the Louvre), Luxembourg Garden (the Senate), Parc Andr\u00e9 Citro\u00ebn,\nCh\u00e2teau de Vaux-le-Vicomte, Promenade des Anglais in Nice, Museum of Modern and Contemporary Art of Saint-\u00c9tienne, Palace of Versailles, Villa Medici French Academy in Rome, Tour&amp;Taxis in Brussels\u2026 Edmond &amp; Fils is the manufacturer of authentic historic steel furniture for exceptional venues.\t\t\t\t\t\t\t\t<\/div>\n\t\t\t\t\t<\/div>\n\t\t\t\t<\/div>\n\t\t<div class=\"elementor-element elementor-element-0f61975 e-con-full e-flex e-con e-parent\" data-id=\"0f61975\" data-element_type=\"container\" data-e-type=\"container\">\n\t\t<div class=\"elementor-element elementor-element-75d9674 e-con-full e-flex e-con e-child\" data-id=\"75d9674\" data-element_type=\"container\" data-e-type=\"container\" data-settings=\"{&quot;background_background&quot;:&quot;classic&quot;}\">\n\t\t\t\t<div class=\"elementor-element elementor-element-f8d65f0 elementor-widget elementor-widget-heading\" data-id=\"f8d65f0\" data-element_type=\"widget\" data-e-type=\"widget\" data-widget_type=\"heading.default\">\n\t\t\t\t\t<h2 class=\"elementor-heading-title elementor-size-default\">Promenade des Anglais<\/h2>\t\t\t\t<\/div>\n\t\t\t\t<div class=\"elementor-element elementor-element-3adf176 elementor-widget elementor-widget-text-editor\" data-id=\"3adf176\" data-element_type=\"widget\" data-e-type=\"widget\" data-widget_type=\"text-editor.default\">\n\t\t\t\t\t\t\t\t\t<p>Like the Negresco and the Ruhl, the blue chairs of the promenade are an integral part of the Nice landscape. They were created after the war by Charles Tordo, an ingenious inventor and craftsman, at the request of Mr. Ballanger, who held the concession for the Promenade&#8217;s chairs.<br>After commissioning Jean-Michel Wilmotte to redesign them, the municipality entrusted us with the manufacturing of the new series.<br>Massive tubing, distinct armrest curvature, azure hue \u2013 everything in their nautical design harmonizes with the spirit of the Riviera. This includes the special care given to the paints to offer the best resistance to corrosion from sea air.  <\/p><p><em>Special Order, Not Commercialized<\/em><\/p>\t\t\t\t\t\t\t\t<\/div>\n\t\t\t\t<div class=\"elementor-element elementor-element-cc09681 elementor-align-center elementor-widget elementor-widget-button\" data-id=\"cc09681\" data-element_type=\"widget\" data-e-type=\"widget\" data-widget_type=\"button.default\">\n\t\t\t\t\t\t\t\t\t\t<a class=\"elementor-button elementor-button-link elementor-size-sm\" href=\"https:\/\/www.edmond-fils.com\/en\/our-references\/project-promenade-des-anglais-french-riviera\/\">\n\t\t\t\t\t\t<span class=\"elementor-button-content-wrapper\">\n\t\t\t\t\t\t\t\t\t<span class=\"elementor-button-text\">Discover the Project<\/span>\n\t\t\t\t\t<\/span>\n\t\t\t\t\t<\/a>\n\t\t\t\t\t\t\t\t<\/div>\n\t\t\t\t<\/div>\n\t\t<div class=\"elementor-element elementor-element-63d08b2 e-con-full e-flex e-con e-child\" data-id=\"63d08b2\" data-element_type=\"container\" data-e-type=\"container\" data-settings=\"{&quot;background_background&quot;:&quot;classic&quot;}\">\n\t\t\t\t<\/div>\n\t\t\t\t<\/div>\n\t\t<div class=\"elementor-element elementor-element-e83297e e-con-full e-flex e-con e-parent\" data-id=\"e83297e\" data-element_type=\"container\" data-e-type=\"container\">\n\t\t<div class=\"elementor-element elementor-element-4aa171e e-con-full e-flex e-con e-child\" data-id=\"4aa171e\" data-element_type=\"container\" data-e-type=\"container\" data-settings=\"{&quot;background_background&quot;:&quot;classic&quot;}\">\n\t\t\t\t<\/div>\n\t\t<div class=\"elementor-element elementor-element-c656ab1 e-con-full e-flex e-con e-child\" data-id=\"c656ab1\" data-element_type=\"container\" data-e-type=\"container\" data-settings=\"{&quot;background_background&quot;:&quot;classic&quot;}\">\n\t\t\t\t<div class=\"elementor-element elementor-element-da6763e elementor-widget elementor-widget-heading\" data-id=\"da6763e\" data-element_type=\"widget\" data-e-type=\"widget\" data-widget_type=\"heading.default\">\n\t\t\t\t\t<h2 class=\"elementor-heading-title elementor-size-default\">Ch\u00e2teau Garden<br>of Vaux-le-Vicomte<\/h2>\t\t\t\t<\/div>\n\t\t\t\t<div class=\"elementor-element elementor-element-05e9fa3 elementor-widget elementor-widget-text-editor\" data-id=\"05e9fa3\" data-element_type=\"widget\" data-e-type=\"widget\" data-widget_type=\"text-editor.default\">\n\t\t\t\t\t\t\t\t\tAs an invitation for visitors to relax, low lounge chairs and stools customized in the colors of Vaux-le-Vicomte have been placed at the Water Gates, offering a sublime view of the Ch\u00e2teau and Andr\u00e9 Le N\u00f4tre&#8217;s French garden.\nEdmond &amp; Fils cushions are installed during the Summer Candlelight Evenings for even greater comfort&#8230;\t\t\t\t\t\t\t\t<\/div>\n\t\t\t\t<div class=\"elementor-element elementor-element-ba08bac elementor-align-center elementor-widget elementor-widget-button\" data-id=\"ba08bac\" data-element_type=\"widget\" data-e-type=\"widget\" data-widget_type=\"button.default\">\n\t\t\t\t\t\t\t\t\t\t<a class=\"elementor-button elementor-button-link elementor-size-sm\" href=\"https:\/\/www.edmond-fils.com\/en\/our-references\/project-chateau-de-vaux-le-vicomte-tuileries\/\">\n\t\t\t\t\t\t<span class=\"elementor-button-content-wrapper\">\n\t\t\t\t\t\t\t\t\t<span class=\"elementor-button-text\">Discover the Project<\/span>\n\t\t\t\t\t<\/span>\n\t\t\t\t\t<\/a>\n\t\t\t\t\t\t\t\t<\/div>\n\t\t\t\t<\/div>\n\t\t\t\t<\/div>\n\t\t<div class=\"elementor-element elementor-element-d9281e7 e-con-full e-flex e-con e-parent\" data-id=\"d9281e7\" data-element_type=\"container\" data-e-type=\"container\">\n\t\t<div class=\"elementor-element elementor-element-a76de41 e-con-full e-flex e-con e-child\" data-id=\"a76de41\" data-element_type=\"container\" data-e-type=\"container\" data-settings=\"{&quot;background_background&quot;:&quot;classic&quot;}\">\n\t\t\t\t<div class=\"elementor-element elementor-element-11d4aed elementor-widget elementor-widget-heading\" data-id=\"11d4aed\" data-element_type=\"widget\" data-e-type=\"widget\" data-widget_type=\"heading.default\">\n\t\t\t\t\t<h2 class=\"elementor-heading-title elementor-size-default\">Luxembourg Gardens<\/h2>\t\t\t\t<\/div>\n\t\t\t\t<div class=\"elementor-element elementor-element-22ff3f2 elementor-widget elementor-widget-text-editor\" data-id=\"22ff3f2\" data-element_type=\"widget\" data-e-type=\"widget\" data-widget_type=\"text-editor.default\">\n\t\t\t\t\t\t\t\t\tFollowing the manufacturing of the Tuileries furniture starting in 2008, the Senate commissioned our services in 2013 to renew that of the Luxembourg Garden. After our design office made a few modifications to the pieces from the Tuileries collection, particularly the curvature of the backrest slats, Edmond &amp; Fils took charge of the chairs and armchairs for the &#8220;Luco,&#8221; as Parisians affectionately call it. \t\t\t\t\t\t\t\t<\/div>\n\t\t\t\t<\/div>\n\t\t<div class=\"elementor-element elementor-element-a336975 e-con-full e-flex e-con e-child\" data-id=\"a336975\" data-element_type=\"container\" data-e-type=\"container\" data-settings=\"{&quot;background_background&quot;:&quot;classic&quot;}\">\n\t\t\t\t<\/div>\n\t\t\t\t<\/div>\n\t\t<div class=\"elementor-element elementor-element-1a287dd e-con-full e-flex e-con e-parent\" data-id=\"1a287dd\" data-element_type=\"container\" data-e-type=\"container\">\n\t\t<div class=\"elementor-element elementor-element-e629735 e-con-full e-flex e-con e-child\" data-id=\"e629735\" data-element_type=\"container\" data-e-type=\"container\" data-settings=\"{&quot;background_background&quot;:&quot;classic&quot;}\">\n\t\t\t\t<div class=\"elementor-element elementor-element-b9cd0a8 elementor-widget elementor-widget-heading\" data-id=\"b9cd0a8\" data-element_type=\"widget\" data-e-type=\"widget\" data-widget_type=\"heading.default\">\n\t\t\t\t\t<h2 class=\"elementor-heading-title elementor-size-default\">Parc Andr\u00e9 Citro\u00ebn<\/h2>\t\t\t\t<\/div>\n\t\t\t\t<div class=\"elementor-element elementor-element-04abaab elementor-widget elementor-widget-text-editor\" data-id=\"04abaab\" data-element_type=\"widget\" data-e-type=\"widget\" data-widget_type=\"text-editor.default\">\n\t\t\t\t\t\t\t\t\t<p>In this futuristic space, designed on the site of the former Citro\u00ebn factory in the heart of Paris, lush vegetation, aquatic scenographies, and themed gardens coexist.<br>To punctuate this ensemble with relaxation areas, the City of Paris commissioned Edmond &amp; Fils to produce the furniture designed by internationally renowned architect Patrick Berger.<br>Chairs, benches, and sun loungers with stainless steel frames, covered with wide wooden slats, thus punctuate the site with islands of rest and entertainment areas.<\/p><p><em>Special Order, Not Commercialized<\/em><\/p>\t\t\t\t\t\t\t\t<\/div>\n\t\t\t\t<\/div>\n\t\t<div class=\"elementor-element elementor-element-7f00b4d e-con-full e-flex e-con e-child\" data-id=\"7f00b4d\" data-element_type=\"container\" data-e-type=\"container\" data-settings=\"{&quot;background_background&quot;:&quot;classic&quot;}\">\n\t\t\t\t<\/div>\n\t\t\t\t<\/div>\n\t\t<div class=\"elementor-element elementor-element-721cb02 e-con-full e-flex e-con e-parent\" data-id=\"721cb02\" data-element_type=\"container\" data-e-type=\"container\">\n\t\t<div class=\"elementor-element elementor-element-bade61a e-con-full e-flex e-con e-child\" data-id=\"bade61a\" data-element_type=\"container\" data-e-type=\"container\" data-settings=\"{&quot;background_background&quot;:&quot;classic&quot;}\">\n\t\t\t\t<\/div>\n\t\t<div class=\"elementor-element elementor-element-263beca e-con-full e-flex e-con e-child\" data-id=\"263beca\" data-element_type=\"container\" data-e-type=\"container\" data-settings=\"{&quot;background_background&quot;:&quot;classic&quot;}\">\n\t\t\t\t<div class=\"elementor-element elementor-element-503bc00 elementor-widget elementor-widget-heading\" data-id=\"503bc00\" data-element_type=\"widget\" data-e-type=\"widget\" data-widget_type=\"heading.default\">\n\t\t\t\t\t<h2 class=\"elementor-heading-title elementor-size-default\">Tuileries Garden<\/h2>\t\t\t\t<\/div>\n\t\t\t\t<div class=\"elementor-element elementor-element-0d558af elementor-widget elementor-widget-text-editor\" data-id=\"0d558af\" data-element_type=\"widget\" data-e-type=\"widget\" data-widget_type=\"text-editor.default\">\n\t\t\t\t\t\t\t\t\t<p>In 2008, the Louvre Museum, which manages the Tuileries, commissioned Edmond &amp; Fils to renew all the garden furniture.<br>Made from sheet metal and tubing, our 100% steel chair is visually identical to those of Paris during the Roaring Twenties. Technically, Edmond &amp; Fils redesigned it to improve its resistance to wear over time. The Tuileries chair is now an icon of Paris, known worldwide.  <\/p>\t\t\t\t\t\t\t\t<\/div>\n\t\t\t\t<\/div>\n\t\t\t\t<\/div>\n\t\t<div class=\"elementor-element elementor-element-0f53395 e-flex e-con-boxed e-con e-parent\" data-id=\"0f53395\" data-element_type=\"container\" data-e-type=\"container\">\n\t\t\t\t\t<div class=\"e-con-inner\">\n\t\t\t\t<div class=\"elementor-element elementor-element-85a6ec8 elementor-widget elementor-widget-heading\" data-id=\"85a6ec8\" data-element_type=\"widget\" data-e-type=\"widget\" data-widget_type=\"heading.default\">\n\t\t\t\t\t<h2 class=\"elementor-heading-title elementor-size-default\">Serving creators and managers<br>of exceptional venues<\/h2>\t\t\t\t<\/div>\n\t\t\t\t<div class=\"elementor-element elementor-element-062bf31 elementor-widget__width-initial elementor-widget elementor-widget-text-editor\" data-id=\"062bf31\" data-element_type=\"widget\" data-e-type=\"widget\" data-widget_type=\"text-editor.default\">\n\t\t\t\t\t\t\t\t\t<h3><strong>We Work with Landscape Architects and Designers<\/strong><\/h3><p>Our design office is here to give shape to the ideas of creators and developers of exceptional venues. From the prototyping stage, the expertise and complementary skills of our teams provide our company with great responsiveness. Furthermore, the diversity of our machinery allows us to be efficient, regardless of the quantity produced.  <\/p><h3><strong>You Can Customize the Furniture and Thus Create your Unique Collection<\/strong><\/h3><p>An unlimited choice of colors, armrests of your choice in wood or steel, leg caps adapted to your flooring, furniture bearing your name, screen-printed cushions if desired\u2026 Edmond &amp; Fils furniture will be customized to perfectly suit your venue and your desires.<\/p><h3><strong>We Take into Account the Demands of the Times<\/strong><\/h3><p>Edmond &amp; Fils makes commitments and assumes its corporate responsibilities: production in Tence, France (Haute-Loire), an eco-design approach, choice of steel for its durability, application of solvent-free paint\u2026 our approach is transparent and sustainable.<\/p>\t\t\t\t\t\t\t\t<\/div>\n\t\t\t\t\t<\/div>\n\t\t\t\t<\/div>\n\t\t<div class=\"elementor-element elementor-element-2ad1b5b e-con-full e-flex e-con e-parent\" data-id=\"2ad1b5b\" data-element_type=\"container\" data-e-type=\"container\">\n\t\t\t\t<div class=\"elementor-element elementor-element-49b4798 elementor-widget elementor-widget-shortcode\" data-id=\"49b4798\" data-element_type=\"widget\" data-e-type=\"widget\" data-widget_type=\"shortcode.default\">\n\t\t\t\t\t\t\t<div class=\"elementor-shortcode\">\t\t<div data-elementor-type=\"section\" data-elementor-id=\"2342\" class=\"elementor elementor-2342 elementor-586 elementor-586\" data-elementor-post-type=\"elementor_library\">\n\t\t\t<div class=\"elementor-element elementor-element-aa4b937 e-flex e-con-boxed e-con e-parent\" data-id=\"aa4b937\" data-element_type=\"container\" data-e-type=\"container\" data-settings=\"{&quot;background_background&quot;:&quot;classic&quot;}\">\n\t\t\t\t\t<div class=\"e-con-inner\">\n\t\t\t\t<div class=\"elementor-element elementor-element-7555f3d elementor-widget elementor-widget-heading\" data-id=\"7555f3d\" data-element_type=\"widget\" data-e-type=\"widget\" data-widget_type=\"heading.default\">\n\t\t\t\t\t<h2 class=\"elementor-heading-title elementor-size-default\"><a href=\"https:\/\/www.edmond-fils.shop\">EDMOND &amp;\u2026 YOU?<\/a><\/h2>\t\t\t\t<\/div>\n\t\t\t\t<div class=\"elementor-element elementor-element-e98c106 elementor-widget elementor-widget-text-editor\" data-id=\"e98c106\" data-element_type=\"widget\" data-e-type=\"widget\" data-widget_type=\"text-editor.default\">\n\t\t\t\t\t\t\t\t\tDo our collections inspire you, appeal to you, or give you ideas?  \nWe are at your disposal to present our collections and bring your project to life.\t\t\t\t\t\t\t\t<\/div>\n\t\t\t\t<div class=\"elementor-element elementor-element-b565d05 elementor-align-center elementor-widget elementor-widget-button\" data-id=\"b565d05\" data-element_type=\"widget\" data-e-type=\"widget\" data-widget_type=\"button.default\">\n\t\t\t\t\t\t\t\t\t\t<a class=\"elementor-button elementor-button-link elementor-size-sm\" href=\"https:\/\/www.edmond-fils.com\/en\/contact\/\">\n\t\t\t\t\t\t<span class=\"elementor-button-content-wrapper\">\n\t\t\t\t\t\t\t\t\t<span class=\"elementor-button-text\">CONTACT US<\/span>\n\t\t\t\t\t<\/span>\n\t\t\t\t\t<\/a>\n\t\t\t\t\t\t\t\t<\/div>\n\t\t\t\t<div class=\"elementor-element elementor-element-e446ef7 elementor-widget elementor-widget-image\" data-id=\"e446ef7\" data-element_type=\"widget\" data-e-type=\"widget\" data-widget_type=\"image.default\">\n\t\t\t\t\t\t\t\t\t\t\t\t\t\t\t<img fetchpriority=\"high\" decoding=\"async\" width=\"295\" height=\"400\" src=\"https:\/\/www.edmond-fils.com\/wp-content\/uploads\/2025\/09\/fabrique-en-france-blanc.webp\" class=\"attachment-large size-large wp-image-2339\" alt=\"Made-in-France-white\" srcset=\"https:\/\/www.edmond-fils.com\/wp-content\/uploads\/2025\/09\/fabrique-en-france-blanc.webp 295w, https:\/\/www.edmond-fils.com\/wp-content\/uploads\/2025\/09\/fabrique-en-france-blanc-221x300.webp 221w\" sizes=\"(max-width: 295px) 100vw, 295px\" \/>\t\t\t\t\t\t\t\t\t\t\t\t\t\t\t<\/div>\n\t\t\t\t\t<\/div>\n\t\t\t\t<\/div>\n\t\t\t\t<\/div>\n\t\t<\/div>\n\t\t\t\t\t\t<\/div>\n\t\t\t\t<\/div>\n\t\t\t\t<\/div>\n\t\t","protected":false},"excerpt":{"rendered":"<p>Urban furniture for exceptional parks and gardens Tuileries Garden (the Louvre), Luxembourg Garden (the Senate), Parc Andr\u00e9 Citro\u00ebn, Ch\u00e2teau de Vaux-le-Vicomte, Promenade des Anglais in Nice, Museum of Modern and Contemporary Art of Saint-\u00c9tienne, Palace of Versailles, Villa Medici French Academy in Rome, Tour&amp;Taxis in Brussels\u2026 Edmond &amp; Fils is the manufacturer of authentic historic [&hellip;]<\/p>\n","protected":false},"author":1,"featured_media":0,"parent":0,"menu_order":5,"comment_status":"closed","ping_status":"closed","template":"","meta":{"_acf_changed":false,"footnotes":""},"fauteuil-outdoor":[],"class_list":["post-2322","page","type-page","status-publish","hentry"],"acf":[],"yoast_head":"<!-- This site is optimized with the Yoast SEO plugin v27.3 - https:\/\/yoast.com\/product\/yoast-seo-wordpress\/ -->\n<title>Steel Furniture for Parks and Gardens - Areas of Activity<\/title>\n<meta name=\"description\" content=\"Steel urban furniture for parks and gardens. Refined design, robust, and adapted to exceptional landscape designs.\" \/>\n<meta name=\"robots\" content=\"index, follow, max-snippet:-1, max-image-preview:large, max-video-preview:-1\" \/>\n<link rel=\"canonical\" href=\"https:\/\/www.edmond-fils.com\/en\/our-references\/\" \/>\n<meta property=\"og:locale\" content=\"en_US\" \/>\n<meta property=\"og:type\" content=\"article\" \/>\n<meta property=\"og:title\" content=\"Steel Furniture for Parks and Gardens - Areas of Activity\" \/>\n<meta property=\"og:description\" content=\"Steel urban furniture for parks and gardens. Refined design, robust, and adapted to exceptional landscape designs.\" \/>\n<meta property=\"og:url\" content=\"https:\/\/www.edmond-fils.com\/en\/our-references\/\" \/>\n<meta property=\"og:site_name\" content=\"Edmond Sons\" \/>\n<meta property=\"article:modified_time\" content=\"2026-01-22T13:48:01+00:00\" \/>\n<meta property=\"og:image\" content=\"https:\/\/www.edmond-fils.com\/wp-content\/uploads\/2025\/09\/logo-edmond-et-fils.webp\" \/>\n\t<meta property=\"og:image:width\" content=\"356\" \/>\n\t<meta property=\"og:image:height\" content=\"192\" \/>\n\t<meta property=\"og:image:type\" content=\"image\/webp\" \/>\n<meta name=\"twitter:card\" content=\"summary_large_image\" \/>\n<meta name=\"twitter:label1\" content=\"Est. reading time\" \/>\n\t<meta name=\"twitter:data1\" content=\"3 minutes\" \/>\n<script type=\"application\/ld+json\" class=\"yoast-schema-graph\">{\"@context\":\"https:\\\/\\\/schema.org\",\"@graph\":[{\"@type\":[\"WebPage\",\"ItemPage\"],\"@id\":\"https:\\\/\\\/www.edmond-fils.com\\\/en\\\/our-references\\\/\",\"url\":\"https:\\\/\\\/www.edmond-fils.com\\\/en\\\/our-references\\\/\",\"name\":\"Steel Furniture for Parks and Gardens - Areas of Activity\",\"isPartOf\":{\"@id\":\"https:\\\/\\\/www.edmond-fils.com\\\/en\\\/#website\"},\"datePublished\":\"2025-09-15T19:40:14+00:00\",\"dateModified\":\"2026-01-22T13:48:01+00:00\",\"description\":\"Steel urban furniture for parks and gardens. Refined design, robust, and adapted to exceptional landscape designs.\",\"breadcrumb\":{\"@id\":\"https:\\\/\\\/www.edmond-fils.com\\\/en\\\/our-references\\\/#breadcrumb\"},\"inLanguage\":\"en-US\",\"potentialAction\":[{\"@type\":\"ReadAction\",\"target\":[\"https:\\\/\\\/www.edmond-fils.com\\\/en\\\/our-references\\\/\"]}]},{\"@type\":\"BreadcrumbList\",\"@id\":\"https:\\\/\\\/www.edmond-fils.com\\\/en\\\/our-references\\\/#breadcrumb\",\"itemListElement\":[{\"@type\":\"ListItem\",\"position\":1,\"name\":\"Home\",\"item\":\"https:\\\/\\\/www.edmond-fils.com\\\/en\\\/\"},{\"@type\":\"ListItem\",\"position\":2,\"name\":\"Our References\"}]},{\"@type\":\"WebSite\",\"@id\":\"https:\\\/\\\/www.edmond-fils.com\\\/en\\\/#website\",\"url\":\"https:\\\/\\\/www.edmond-fils.com\\\/en\\\/\",\"name\":\"Edmonds et fils\",\"description\":\"Fabricant Fran\u00e7ais de mobilier ext\u00e9rieur depuis 1976\",\"publisher\":{\"@id\":\"https:\\\/\\\/www.edmond-fils.com\\\/en\\\/#organization\"},\"potentialAction\":[{\"@type\":\"SearchAction\",\"target\":{\"@type\":\"EntryPoint\",\"urlTemplate\":\"https:\\\/\\\/www.edmond-fils.com\\\/en\\\/?s={search_term_string}\"},\"query-input\":{\"@type\":\"PropertyValueSpecification\",\"valueRequired\":true,\"valueName\":\"search_term_string\"}}],\"inLanguage\":\"en-US\"},{\"@type\":\"Organization\",\"@id\":\"https:\\\/\\\/www.edmond-fils.com\\\/en\\\/#organization\",\"name\":\"Edmond Sons\",\"url\":\"https:\\\/\\\/www.edmond-fils.com\\\/en\\\/\",\"logo\":{\"@type\":\"ImageObject\",\"inLanguage\":\"en-US\",\"@id\":\"https:\\\/\\\/www.edmond-fils.com\\\/en\\\/#\\\/schema\\\/logo\\\/image\\\/\",\"url\":\"https:\\\/\\\/www.edmond-fils.com\\\/wp-content\\\/uploads\\\/2025\\\/09\\\/logo-edmond-et-fils.webp\",\"contentUrl\":\"https:\\\/\\\/www.edmond-fils.com\\\/wp-content\\\/uploads\\\/2025\\\/09\\\/logo-edmond-et-fils.webp\",\"width\":356,\"height\":192,\"caption\":\"Edmond Sons\"},\"image\":{\"@id\":\"https:\\\/\\\/www.edmond-fils.com\\\/en\\\/#\\\/schema\\\/logo\\\/image\\\/\"}}]}<\/script>\n<!-- \/ Yoast SEO plugin. -->","yoast_head_json":{"title":"Steel Furniture for Parks and Gardens - Areas of Activity","description":"Steel urban furniture for parks and gardens. Refined design, robust, and adapted to exceptional landscape designs.","robots":{"index":"index","follow":"follow","max-snippet":"max-snippet:-1","max-image-preview":"max-image-preview:large","max-video-preview":"max-video-preview:-1"},"canonical":"https:\/\/www.edmond-fils.com\/en\/our-references\/","og_locale":"en_US","og_type":"article","og_title":"Steel Furniture for Parks and Gardens - Areas of Activity","og_description":"Steel urban furniture for parks and gardens. Refined design, robust, and adapted to exceptional landscape designs.","og_url":"https:\/\/www.edmond-fils.com\/en\/our-references\/","og_site_name":"Edmond Sons","article_modified_time":"2026-01-22T13:48:01+00:00","og_image":[{"width":356,"height":192,"url":"https:\/\/www.edmond-fils.com\/wp-content\/uploads\/2025\/09\/logo-edmond-et-fils.webp","type":"image\/webp"}],"twitter_card":"summary_large_image","twitter_misc":{"Est. reading time":"3 minutes"},"schema":{"@context":"https:\/\/schema.org","@graph":[{"@type":["WebPage","ItemPage"],"@id":"https:\/\/www.edmond-fils.com\/en\/our-references\/","url":"https:\/\/www.edmond-fils.com\/en\/our-references\/","name":"Steel Furniture for Parks and Gardens - Areas of Activity","isPartOf":{"@id":"https:\/\/www.edmond-fils.com\/en\/#website"},"datePublished":"2025-09-15T19:40:14+00:00","dateModified":"2026-01-22T13:48:01+00:00","description":"Steel urban furniture for parks and gardens. Refined design, robust, and adapted to exceptional landscape designs.","breadcrumb":{"@id":"https:\/\/www.edmond-fils.com\/en\/our-references\/#breadcrumb"},"inLanguage":"en-US","potentialAction":[{"@type":"ReadAction","target":["https:\/\/www.edmond-fils.com\/en\/our-references\/"]}]},{"@type":"BreadcrumbList","@id":"https:\/\/www.edmond-fils.com\/en\/our-references\/#breadcrumb","itemListElement":[{"@type":"ListItem","position":1,"name":"Home","item":"https:\/\/www.edmond-fils.com\/en\/"},{"@type":"ListItem","position":2,"name":"Our References"}]},{"@type":"WebSite","@id":"https:\/\/www.edmond-fils.com\/en\/#website","url":"https:\/\/www.edmond-fils.com\/en\/","name":"Edmonds et fils","description":"Fabricant Fran\u00e7ais de mobilier ext\u00e9rieur depuis 1976","publisher":{"@id":"https:\/\/www.edmond-fils.com\/en\/#organization"},"potentialAction":[{"@type":"SearchAction","target":{"@type":"EntryPoint","urlTemplate":"https:\/\/www.edmond-fils.com\/en\/?s={search_term_string}"},"query-input":{"@type":"PropertyValueSpecification","valueRequired":true,"valueName":"search_term_string"}}],"inLanguage":"en-US"},{"@type":"Organization","@id":"https:\/\/www.edmond-fils.com\/en\/#organization","name":"Edmond Sons","url":"https:\/\/www.edmond-fils.com\/en\/","logo":{"@type":"ImageObject","inLanguage":"en-US","@id":"https:\/\/www.edmond-fils.com\/en\/#\/schema\/logo\/image\/","url":"https:\/\/www.edmond-fils.com\/wp-content\/uploads\/2025\/09\/logo-edmond-et-fils.webp","contentUrl":"https:\/\/www.edmond-fils.com\/wp-content\/uploads\/2025\/09\/logo-edmond-et-fils.webp","width":356,"height":192,"caption":"Edmond Sons"},"image":{"@id":"https:\/\/www.edmond-fils.com\/en\/#\/schema\/logo\/image\/"}}]}},"_links":{"self":[{"href":"https:\/\/www.edmond-fils.com\/en\/wp-json\/wp\/v2\/pages\/2322","targetHints":{"allow":["GET"]}}],"collection":[{"href":"https:\/\/www.edmond-fils.com\/en\/wp-json\/wp\/v2\/pages"}],"about":[{"href":"https:\/\/www.edmond-fils.com\/en\/wp-json\/wp\/v2\/types\/page"}],"author":[{"embeddable":true,"href":"https:\/\/www.edmond-fils.com\/en\/wp-json\/wp\/v2\/users\/1"}],"replies":[{"embeddable":true,"href":"https:\/\/www.edmond-fils.com\/en\/wp-json\/wp\/v2\/comments?post=2322"}],"version-history":[{"count":4,"href":"https:\/\/www.edmond-fils.com\/en\/wp-json\/wp\/v2\/pages\/2322\/revisions"}],"predecessor-version":[{"id":3004,"href":"https:\/\/www.edmond-fils.com\/en\/wp-json\/wp\/v2\/pages\/2322\/revisions\/3004"}],"wp:attachment":[{"href":"https:\/\/www.edmond-fils.com\/en\/wp-json\/wp\/v2\/media?parent=2322"}],"wp:term":[{"taxonomy":"fauteuil-outdoor","embeddable":true,"href":"https:\/\/www.edmond-fils.com\/en\/wp-json\/wp\/v2\/fauteuil-outdoor?post=2322"}],"curies":[{"name":"wp","href":"https:\/\/api.w.org\/{rel}","templated":true}]}}