{"id":2045,"date":"2025-09-15T19:49:30","date_gmt":"2025-09-15T19:49:30","guid":{"rendered":"https:\/\/edmond-fils.com\/?page_id=2045"},"modified":"2026-02-03T10:55:03","modified_gmt":"2026-02-03T10:55:03","slug":"metal-sun-lounger","status":"publish","type":"page","link":"https:\/\/www.edmond-fils.com\/en\/products\/outdoor-seating\/metal-sun-lounger\/","title":{"rendered":"Metal Sun Lounger"},"content":{"rendered":"\t\t<div data-elementor-type=\"wp-page\" data-elementor-id=\"2045\" class=\"elementor elementor-2045 elementor-173\" data-elementor-post-type=\"page\">\n\t\t\t\t<div class=\"elementor-element elementor-element-650566b2 e-flex e-con-boxed e-con e-parent\" data-id=\"650566b2\" data-element_type=\"container\" data-e-type=\"container\">\n\t\t\t\t\t<div class=\"e-con-inner\">\n\t\t\t\t<div class=\"elementor-element elementor-element-27e5ea83 elementor-widget elementor-widget-heading\" data-id=\"27e5ea83\" data-element_type=\"widget\" data-e-type=\"widget\" data-widget_type=\"heading.default\">\n\t\t\t\t\t<h1 class=\"elementor-heading-title elementor-size-default\">Assises exterieur<\/h1>\t\t\t\t<\/div>\n\t\t\t\t<div class=\"elementor-element elementor-element-5100f772 elementor-widget__width-initial elementor-widget elementor-widget-text-editor\" data-id=\"5100f772\" data-element_type=\"widget\" data-e-type=\"widget\" data-widget_type=\"text-editor.default\">\n\t\t\t\t\t\t\t\t\t<p>Apr\u00e8s la fabrication du mobilier des Tuileries \u00e0 partir de 2008, c\u2019est le S\u00e9nat qui fit appel \u00e0 nos services en 2013 pour renouveler celui du jardin du Luxembourg. Une fois quelques modifications apport\u00e9es aux pi\u00e8ces de la collection Tuileries par notre bureau d\u2019\u00e9tude, notamment la courbure des lattes du dossier, Edmond &amp; Fils a pris en charge les chaises et fauteuils du \u00ab Luco \u00bb comme aiment \u00e0 l\u2019appeler affectueusement les Parisiens.<\/p>\t\t\t\t\t\t\t\t<\/div>\n\t\t\t\t\t<\/div>\n\t\t\t\t<\/div>\n\t\t<div class=\"elementor-element elementor-element-1adc7f4e e-con-full e-flex e-con e-parent\" data-id=\"1adc7f4e\" data-element_type=\"container\" data-e-type=\"container\">\n\t\t<div class=\"elementor-element elementor-element-5b1316d0 e-con-full e-flex e-con e-child\" data-id=\"5b1316d0\" data-element_type=\"container\" data-e-type=\"container\" id=\"banc_exterieur\" data-settings=\"{&quot;background_background&quot;:&quot;classic&quot;}\">\n\t\t\t\t<div class=\"elementor-element elementor-element-6a758cd3 elementor-widget elementor-widget-heading\" data-id=\"6a758cd3\" data-element_type=\"widget\" data-e-type=\"widget\" data-widget_type=\"heading.default\">\n\t\t\t\t\t<h2 class=\"elementor-heading-title elementor-size-default\">Chaises d'ext\u00e9rieur<\/h2>\t\t\t\t<\/div>\n\t\t\t\t<div class=\"elementor-element elementor-element-27d17589 elementor-widget elementor-widget-text-editor\" data-id=\"27d17589\" data-element_type=\"widget\" data-e-type=\"widget\" data-widget_type=\"text-editor.default\">\n\t\t\t\t\t\t\t\t\t<p>Alliance parfaite entre \u00e9l\u00e9gance et confort, la chaise d\u2019ext\u00e9rieur Edmond et Fils incarne l\u2019art de vivre en plein air. Pens\u00e9es pour sublimer terrasses, jardins et patios, nos chaises se distinguent par leurs lignes raffin\u00e9es et leur solidit\u00e9 \u00e0 toute \u00e9preuve. Con\u00e7ues pour r\u00e9sister au temps et aux saisons, elles offrent une assise \u00e0 la fois esth\u00e9tique et durable. Qu\u2019elles accompagnent une table ou se suffisent \u00e0 elles-m\u00eames, nos chaises signent chaque espace d\u2019une touche de caract\u00e8re, d\u2019harmonie et d\u2019authenticit\u00e9.<\/p>\t\t\t\t\t\t\t\t<\/div>\n\t\t\t\t<div class=\"elementor-element elementor-element-2dfb0fab elementor-align-center elementor-widget elementor-widget-button\" data-id=\"2dfb0fab\" data-element_type=\"widget\" data-e-type=\"widget\" data-widget_type=\"button.default\">\n\t\t\t\t\t\t\t\t\t\t<a class=\"elementor-button elementor-button-link elementor-size-sm\" href=\"https:\/\/www.edmond-fils.com\/en\/products\/outdoor-seating\/outdoor-chair\/\">\n\t\t\t\t\t\t<span class=\"elementor-button-content-wrapper\">\n\t\t\t\t\t\t\t\t\t<span class=\"elementor-button-text\">Voir les produits<\/span>\n\t\t\t\t\t<\/span>\n\t\t\t\t\t<\/a>\n\t\t\t\t\t\t\t\t<\/div>\n\t\t\t\t<\/div>\n\t\t<div class=\"elementor-element elementor-element-e11428f e-con-full e-flex e-con e-child\" data-id=\"e11428f\" data-element_type=\"container\" data-e-type=\"container\" data-settings=\"{&quot;background_background&quot;:&quot;classic&quot;}\">\n\t\t\t\t<\/div>\n\t\t\t\t<\/div>\n\t\t<div class=\"elementor-element elementor-element-35078e2 e-con-full e-flex e-con e-parent\" data-id=\"35078e2\" data-element_type=\"container\" data-e-type=\"container\">\n\t\t<div class=\"elementor-element elementor-element-71fc628 e-flex e-con-boxed e-con e-child\" data-id=\"71fc628\" data-element_type=\"container\" data-e-type=\"container\" data-settings=\"{&quot;background_background&quot;:&quot;classic&quot;}\">\n\t\t\t\t\t<div class=\"e-con-inner\">\n\t\t\t\t\t<\/div>\n\t\t\t\t<\/div>\n\t\t<div class=\"elementor-element elementor-element-5a42f386 e-flex e-con-boxed e-con e-child\" data-id=\"5a42f386\" data-element_type=\"container\" data-e-type=\"container\" data-settings=\"{&quot;background_background&quot;:&quot;classic&quot;}\">\n\t\t\t\t\t<div class=\"e-con-inner\">\n\t\t\t\t\t<\/div>\n\t\t\t\t<\/div>\n\t\t\t\t<\/div>\n\t\t\t\t<\/div>\n\t\t","protected":false},"excerpt":{"rendered":"","protected":false},"author":1,"featured_media":0,"parent":2233,"menu_order":23,"comment_status":"closed","ping_status":"closed","template":"","meta":{"_acf_changed":false,"footnotes":""},"fauteuil-outdoor":[],"class_list":["post-2045","page","type-page","status-publish","hentry"],"acf":[],"yoast_head":"<!-- This site is optimized with the Yoast SEO plugin v27.3 - https:\/\/yoast.com\/product\/yoast-seo-wordpress\/ -->\n<title>Metal Sun Lounger - Outdoor Furniture<\/title>\n<meta name=\"description\" content=\"Ergonomic sun loungers to fully enjoy comfort and design outdoors.\" \/>\n<meta name=\"robots\" content=\"index, follow, max-snippet:-1, max-image-preview:large, max-video-preview:-1\" \/>\n<link rel=\"canonical\" href=\"https:\/\/www.edmond-fils.com\/en\/products\/outdoor-seating\/metal-sun-lounger\/\" \/>\n<meta property=\"og:locale\" content=\"en_US\" \/>\n<meta property=\"og:type\" content=\"article\" \/>\n<meta property=\"og:title\" content=\"Metal Sun Lounger - Outdoor Furniture\" \/>\n<meta property=\"og:description\" content=\"Ergonomic sun loungers to fully enjoy comfort and design outdoors.\" \/>\n<meta property=\"og:url\" content=\"https:\/\/www.edmond-fils.com\/en\/products\/outdoor-seating\/metal-sun-lounger\/\" \/>\n<meta property=\"og:site_name\" content=\"Edmond Sons\" \/>\n<meta property=\"article:modified_time\" content=\"2026-02-03T10:55:03+00:00\" \/>\n<meta property=\"og:image\" content=\"https:\/\/www.edmond-fils.com\/wp-content\/uploads\/2025\/09\/logo-edmond-et-fils.webp\" \/>\n\t<meta property=\"og:image:width\" content=\"356\" \/>\n\t<meta property=\"og:image:height\" content=\"192\" \/>\n\t<meta property=\"og:image:type\" content=\"image\/webp\" \/>\n<meta name=\"twitter:card\" content=\"summary_large_image\" \/>\n<script type=\"application\/ld+json\" class=\"yoast-schema-graph\">{\"@context\":\"https:\\\/\\\/schema.org\",\"@graph\":[{\"@type\":[\"WebPage\",\"ItemPage\"],\"@id\":\"https:\\\/\\\/www.edmond-fils.com\\\/en\\\/products\\\/outdoor-seating\\\/metal-sun-lounger\\\/\",\"url\":\"https:\\\/\\\/www.edmond-fils.com\\\/en\\\/products\\\/outdoor-seating\\\/metal-sun-lounger\\\/\",\"name\":\"Metal Sun Lounger - Outdoor Furniture\",\"isPartOf\":{\"@id\":\"https:\\\/\\\/www.edmond-fils.com\\\/en\\\/#website\"},\"datePublished\":\"2025-09-15T19:49:30+00:00\",\"dateModified\":\"2026-02-03T10:55:03+00:00\",\"description\":\"Ergonomic sun loungers to fully enjoy comfort and design outdoors.\",\"breadcrumb\":{\"@id\":\"https:\\\/\\\/www.edmond-fils.com\\\/en\\\/products\\\/outdoor-seating\\\/metal-sun-lounger\\\/#breadcrumb\"},\"inLanguage\":\"en-US\",\"potentialAction\":[{\"@type\":\"ReadAction\",\"target\":[\"https:\\\/\\\/www.edmond-fils.com\\\/en\\\/products\\\/outdoor-seating\\\/metal-sun-lounger\\\/\"]}]},{\"@type\":\"BreadcrumbList\",\"@id\":\"https:\\\/\\\/www.edmond-fils.com\\\/en\\\/products\\\/outdoor-seating\\\/metal-sun-lounger\\\/#breadcrumb\",\"itemListElement\":[{\"@type\":\"ListItem\",\"position\":1,\"name\":\"Home\",\"item\":\"https:\\\/\\\/www.edmond-fils.com\\\/en\\\/\"},{\"@type\":\"ListItem\",\"position\":2,\"name\":\"Products\",\"item\":\"https:\\\/\\\/www.edmond-fils.com\\\/en\\\/mobiliers-exterieurs\\\/\"},{\"@type\":\"ListItem\",\"position\":3,\"name\":\"Outdoor Seating\",\"item\":\"https:\\\/\\\/www.edmond-fils.com\\\/en\\\/mobiliers-exterieurs\\\/assises-exterieur\\\/\"},{\"@type\":\"ListItem\",\"position\":4,\"name\":\"Metal Sun Lounger\"}]},{\"@type\":\"WebSite\",\"@id\":\"https:\\\/\\\/www.edmond-fils.com\\\/en\\\/#website\",\"url\":\"https:\\\/\\\/www.edmond-fils.com\\\/en\\\/\",\"name\":\"Edmonds et fils\",\"description\":\"Fabricant Fran\u00e7ais de mobilier ext\u00e9rieur depuis 1976\",\"publisher\":{\"@id\":\"https:\\\/\\\/www.edmond-fils.com\\\/en\\\/#organization\"},\"potentialAction\":[{\"@type\":\"SearchAction\",\"target\":{\"@type\":\"EntryPoint\",\"urlTemplate\":\"https:\\\/\\\/www.edmond-fils.com\\\/en\\\/?s={search_term_string}\"},\"query-input\":{\"@type\":\"PropertyValueSpecification\",\"valueRequired\":true,\"valueName\":\"search_term_string\"}}],\"inLanguage\":\"en-US\"},{\"@type\":\"Organization\",\"@id\":\"https:\\\/\\\/www.edmond-fils.com\\\/en\\\/#organization\",\"name\":\"Edmond Sons\",\"url\":\"https:\\\/\\\/www.edmond-fils.com\\\/en\\\/\",\"logo\":{\"@type\":\"ImageObject\",\"inLanguage\":\"en-US\",\"@id\":\"https:\\\/\\\/www.edmond-fils.com\\\/en\\\/#\\\/schema\\\/logo\\\/image\\\/\",\"url\":\"https:\\\/\\\/www.edmond-fils.com\\\/wp-content\\\/uploads\\\/2025\\\/09\\\/logo-edmond-et-fils.webp\",\"contentUrl\":\"https:\\\/\\\/www.edmond-fils.com\\\/wp-content\\\/uploads\\\/2025\\\/09\\\/logo-edmond-et-fils.webp\",\"width\":356,\"height\":192,\"caption\":\"Edmond Sons\"},\"image\":{\"@id\":\"https:\\\/\\\/www.edmond-fils.com\\\/en\\\/#\\\/schema\\\/logo\\\/image\\\/\"}}]}<\/script>\n<!-- \/ Yoast SEO plugin. -->","yoast_head_json":{"title":"Metal Sun Lounger - Outdoor Furniture","description":"Ergonomic sun loungers to fully enjoy comfort and design outdoors.","robots":{"index":"index","follow":"follow","max-snippet":"max-snippet:-1","max-image-preview":"max-image-preview:large","max-video-preview":"max-video-preview:-1"},"canonical":"https:\/\/www.edmond-fils.com\/en\/products\/outdoor-seating\/metal-sun-lounger\/","og_locale":"en_US","og_type":"article","og_title":"Metal Sun Lounger - Outdoor Furniture","og_description":"Ergonomic sun loungers to fully enjoy comfort and design outdoors.","og_url":"https:\/\/www.edmond-fils.com\/en\/products\/outdoor-seating\/metal-sun-lounger\/","og_site_name":"Edmond Sons","article_modified_time":"2026-02-03T10:55:03+00:00","og_image":[{"width":356,"height":192,"url":"https:\/\/www.edmond-fils.com\/wp-content\/uploads\/2025\/09\/logo-edmond-et-fils.webp","type":"image\/webp"}],"twitter_card":"summary_large_image","schema":{"@context":"https:\/\/schema.org","@graph":[{"@type":["WebPage","ItemPage"],"@id":"https:\/\/www.edmond-fils.com\/en\/products\/outdoor-seating\/metal-sun-lounger\/","url":"https:\/\/www.edmond-fils.com\/en\/products\/outdoor-seating\/metal-sun-lounger\/","name":"Metal Sun Lounger - Outdoor Furniture","isPartOf":{"@id":"https:\/\/www.edmond-fils.com\/en\/#website"},"datePublished":"2025-09-15T19:49:30+00:00","dateModified":"2026-02-03T10:55:03+00:00","description":"Ergonomic sun loungers to fully enjoy comfort and design outdoors.","breadcrumb":{"@id":"https:\/\/www.edmond-fils.com\/en\/products\/outdoor-seating\/metal-sun-lounger\/#breadcrumb"},"inLanguage":"en-US","potentialAction":[{"@type":"ReadAction","target":["https:\/\/www.edmond-fils.com\/en\/products\/outdoor-seating\/metal-sun-lounger\/"]}]},{"@type":"BreadcrumbList","@id":"https:\/\/www.edmond-fils.com\/en\/products\/outdoor-seating\/metal-sun-lounger\/#breadcrumb","itemListElement":[{"@type":"ListItem","position":1,"name":"Home","item":"https:\/\/www.edmond-fils.com\/en\/"},{"@type":"ListItem","position":2,"name":"Products","item":"https:\/\/www.edmond-fils.com\/en\/mobiliers-exterieurs\/"},{"@type":"ListItem","position":3,"name":"Outdoor Seating","item":"https:\/\/www.edmond-fils.com\/en\/mobiliers-exterieurs\/assises-exterieur\/"},{"@type":"ListItem","position":4,"name":"Metal Sun Lounger"}]},{"@type":"WebSite","@id":"https:\/\/www.edmond-fils.com\/en\/#website","url":"https:\/\/www.edmond-fils.com\/en\/","name":"Edmonds et fils","description":"Fabricant Fran\u00e7ais de mobilier ext\u00e9rieur depuis 1976","publisher":{"@id":"https:\/\/www.edmond-fils.com\/en\/#organization"},"potentialAction":[{"@type":"SearchAction","target":{"@type":"EntryPoint","urlTemplate":"https:\/\/www.edmond-fils.com\/en\/?s={search_term_string}"},"query-input":{"@type":"PropertyValueSpecification","valueRequired":true,"valueName":"search_term_string"}}],"inLanguage":"en-US"},{"@type":"Organization","@id":"https:\/\/www.edmond-fils.com\/en\/#organization","name":"Edmond Sons","url":"https:\/\/www.edmond-fils.com\/en\/","logo":{"@type":"ImageObject","inLanguage":"en-US","@id":"https:\/\/www.edmond-fils.com\/en\/#\/schema\/logo\/image\/","url":"https:\/\/www.edmond-fils.com\/wp-content\/uploads\/2025\/09\/logo-edmond-et-fils.webp","contentUrl":"https:\/\/www.edmond-fils.com\/wp-content\/uploads\/2025\/09\/logo-edmond-et-fils.webp","width":356,"height":192,"caption":"Edmond Sons"},"image":{"@id":"https:\/\/www.edmond-fils.com\/en\/#\/schema\/logo\/image\/"}}]}},"_links":{"self":[{"href":"https:\/\/www.edmond-fils.com\/en\/wp-json\/wp\/v2\/pages\/2045","targetHints":{"allow":["GET"]}}],"collection":[{"href":"https:\/\/www.edmond-fils.com\/en\/wp-json\/wp\/v2\/pages"}],"about":[{"href":"https:\/\/www.edmond-fils.com\/en\/wp-json\/wp\/v2\/types\/page"}],"author":[{"embeddable":true,"href":"https:\/\/www.edmond-fils.com\/en\/wp-json\/wp\/v2\/users\/1"}],"replies":[{"embeddable":true,"href":"https:\/\/www.edmond-fils.com\/en\/wp-json\/wp\/v2\/comments?post=2045"}],"version-history":[{"count":2,"href":"https:\/\/www.edmond-fils.com\/en\/wp-json\/wp\/v2\/pages\/2045\/revisions"}],"predecessor-version":[{"id":3135,"href":"https:\/\/www.edmond-fils.com\/en\/wp-json\/wp\/v2\/pages\/2045\/revisions\/3135"}],"up":[{"embeddable":true,"href":"https:\/\/www.edmond-fils.com\/en\/wp-json\/wp\/v2\/pages\/2233"}],"wp:attachment":[{"href":"https:\/\/www.edmond-fils.com\/en\/wp-json\/wp\/v2\/media?parent=2045"}],"wp:term":[{"taxonomy":"fauteuil-outdoor","embeddable":true,"href":"https:\/\/www.edmond-fils.com\/en\/wp-json\/wp\/v2\/fauteuil-outdoor?post=2045"}],"curies":[{"name":"wp","href":"https:\/\/api.w.org\/{rel}","templated":true}]}}